{"id":3,"date":"2024-08-30T15:14:46","date_gmt":"2024-08-30T13:14:46","guid":{"rendered":"http:\/\/laspheresociale.fr\/?page_id=3"},"modified":"2024-09-01T16:51:11","modified_gmt":"2024-09-01T14:51:11","slug":"politique-de-confidentialite","status":"publish","type":"page","link":"https:\/\/laspheresociale.fr\/index.php\/politique-de-confidentialite\/","title":{"rendered":"Mentions l\u00e9gales"},"content":{"rendered":"\n<h2 class=\"wp-block-heading\">1.&nbsp;<strong>Identification de l&#8217;\u00e9diteur du site<\/strong><\/h2>\n\n\n\n<p>Nom de la soci\u00e9t\u00e9 : La Sph\u00e8re Sociale<br>Forme juridique : Micro-Entreprise EI<br>Si\u00e8ge social : 30 rue de Montmorillon 86300 CHAUVIGNY<br>Email : contact@laspheresociale.com<br>T\u00e9l\u00e9phone : +33649596038<\/p>\n\n\n\n<h2 class=\"wp-block-heading\">2.&nbsp;<strong>H\u00e9bergement du site<\/strong><\/h2>\n\n\n\n<p><strong>Nom de l&#8217;h\u00e9bergeur<\/strong>\u00a0: Automattic Inc.<br><strong>Adresse<\/strong>\u00a0: 60 29th Street #343, San Francisco, CA 94110, USA<br><strong>T\u00e9l\u00e9phone<\/strong>\u00a0: +1 877-273-3049<\/p>\n\n\n\n<h2 class=\"wp-block-heading\">3.&nbsp;<strong>Propri\u00e9t\u00e9 intellectuelle<\/strong><\/h2>\n\n\n\n<p>Tous les contenus pr\u00e9sents sur ce site, incluant, de mani\u00e8re non exhaustive, les textes, images, vid\u00e9os, logos et graphismes, sont la propri\u00e9t\u00e9 exclusive de La Sph\u00e8re Sociale ou de ses partenaires. Toute reproduction, distribution, modification ou utilisation de ces contenus, sans l&#8217;autorisation \u00e9crite pr\u00e9alable, est strictement interdite.<\/p>\n\n\n\n<h2 class=\"wp-block-heading\">4.&nbsp;<strong>Donn\u00e9es personnelles<\/strong><\/h2>\n\n\n\n<p>Conform\u00e9ment \u00e0 la loi n\u00b078-17 du 6 janvier 1978 relative \u00e0 l&#8217;informatique, aux fichiers et aux libert\u00e9s, vous disposez d&#8217;un droit d&#8217;acc\u00e8s, de rectification et de suppression des donn\u00e9es personnelles vous concernant. Vous pouvez exercer ce droit en nous contactant \u00e0 l&#8217;adresse suivante : [Adresse email de contact].<\/p>\n\n\n\n<h2 class=\"wp-block-heading\">5.&nbsp;<strong>Cookies<\/strong><\/h2>\n\n\n\n<p>Le site La Sph\u00e8re Sociale utilise des cookies pour am\u00e9liorer l&#8217;exp\u00e9rience utilisateur. En continuant \u00e0 naviguer sur ce site, vous acceptez l&#8217;utilisation de ces cookies. Vous pouvez d\u00e9sactiver les cookies en modifiant les param\u00e8tres de votre navigateur.<\/p>\n\n\n\n<h2 class=\"wp-block-heading\">6.&nbsp;<strong>Responsabilit\u00e9<\/strong><\/h2>\n\n\n\n<p>La Sph\u00e8re Sociale s&#8217;efforce de fournir des informations exactes et \u00e0 jour sur ce site. Cependant, aucune garantie n&#8217;est donn\u00e9e quant \u00e0 l&#8217;exactitude, la pr\u00e9cision ou l&#8217;exhaustivit\u00e9 des informations fournies. La Sph\u00e8re Sociale ne pourra \u00eatre tenue responsable des dommages directs ou indirects r\u00e9sultant de l&#8217;utilisation de ce site.<\/p>\n\n\n\n<h2 class=\"wp-block-heading\">7.&nbsp;<strong>Litiges<\/strong><\/h2>\n\n\n\n<p>Les pr\u00e9sentes mentions l\u00e9gales sont r\u00e9gies par la loi fran\u00e7aise. Tout litige relatif \u00e0 l&#8217;utilisation de ce site sera soumis \u00e0 la comp\u00e9tence exclusive des tribunaux fran\u00e7ais.<\/p>\n","protected":false},"excerpt":{"rendered":"<p>1.&nbsp;Identification de l&#8217;\u00e9diteur du site Nom de la soci\u00e9t\u00e9 : La Sph\u00e8re SocialeForme juridique : Micro-Entreprise EISi\u00e8ge social : 30 rue de Montmorillon 86300 CHAUVIGNYEmail : contact@laspheresociale.comT\u00e9l\u00e9phone : +33649596038 2.&nbsp;H\u00e9bergement du site Nom de l&#8217;h\u00e9bergeur\u00a0: Automattic Inc.Adresse\u00a0: 60 29th Street #343, San Francisco, CA 94110, USAT\u00e9l\u00e9phone\u00a0: +1 877-273-3049 3.&nbsp;Propri\u00e9t\u00e9 intellectuelle Tous les contenus pr\u00e9sents sur&hellip;&nbsp;<a href=\"https:\/\/laspheresociale.fr\/index.php\/politique-de-confidentialite\/\" class=\"\" rel=\"bookmark\">Read More &raquo;<span class=\"screen-reader-text\">Mentions l\u00e9gales<\/span><\/a><\/p>\n","protected":false},"author":1,"featured_media":0,"parent":0,"menu_order":0,"comment_status":"closed","ping_status":"open","template":"","meta":{"neve_meta_sidebar":"","neve_meta_container":"","neve_meta_enable_content_width":"","neve_meta_content_width":0,"neve_meta_title_alignment":"","neve_meta_author_avatar":"","neve_post_elements_order":"","neve_meta_disable_header":"","neve_meta_disable_footer":"","neve_meta_disable_title":"","_themeisle_gutenberg_block_has_review":false,"footnotes":""},"class_list":["post-3","page","type-page","status-publish","hentry"],"_links":{"self":[{"href":"https:\/\/laspheresociale.fr\/index.php\/wp-json\/wp\/v2\/pages\/3","targetHints":{"allow":["GET"]}}],"collection":[{"href":"https:\/\/laspheresociale.fr\/index.php\/wp-json\/wp\/v2\/pages"}],"about":[{"href":"https:\/\/laspheresociale.fr\/index.php\/wp-json\/wp\/v2\/types\/page"}],"author":[{"embeddable":true,"href":"https:\/\/laspheresociale.fr\/index.php\/wp-json\/wp\/v2\/users\/1"}],"replies":[{"embeddable":true,"href":"https:\/\/laspheresociale.fr\/index.php\/wp-json\/wp\/v2\/comments?post=3"}],"version-history":[{"count":1,"href":"https:\/\/laspheresociale.fr\/index.php\/wp-json\/wp\/v2\/pages\/3\/revisions"}],"predecessor-version":[{"id":1053,"href":"https:\/\/laspheresociale.fr\/index.php\/wp-json\/wp\/v2\/pages\/3\/revisions\/1053"}],"wp:attachment":[{"href":"https:\/\/laspheresociale.fr\/index.php\/wp-json\/wp\/v2\/media?parent=3"}],"curies":[{"name":"wp","href":"https:\/\/api.w.org\/{rel}","templated":true}]}}